{"id":49164,"date":"2016-10-01T18:08:05","date_gmt":"2016-10-01T18:08:05","guid":{"rendered":"https:\/\/gaineyfoundation.com\/homepage\/"},"modified":"2024-11-27T14:44:54","modified_gmt":"2024-11-27T14:44:54","slug":"homepage","status":"publish","type":"page","link":"https:\/\/gaineyfoundation.com\/fr\/","title":{"rendered":"Accueil"},"content":{"rendered":"\t\t<div data-elementor-type=\"wp-page\" data-elementor-id=\"49164\" class=\"elementor elementor-49164 elementor-121\" data-elementor-post-type=\"page\">\n\t\t\t\t<div class=\"elementor-element elementor-element-f389a18 e-con-full e-flex e-con e-parent\" data-id=\"f389a18\" data-element_type=\"container\" data-settings=\"{&quot;background_background&quot;:&quot;classic&quot;}\">\n\t\t\t\t<div class=\"elementor-element elementor-element-295a0d3 elementor-hidden-desktop elementor-hidden-tablet elementor-invisible elementor-widget elementor-widget-heading\" data-id=\"295a0d3\" data-element_type=\"widget\" data-settings=\"{&quot;_animation&quot;:&quot;fadeIn&quot;,&quot;_animation_delay&quot;:600}\" data-widget_type=\"heading.default\">\n\t\t\t\t<div class=\"elementor-widget-container\">\n\t\t\t\t\t<h2 class=\"elementor-heading-title elementor-size-default\">Appuyer des organismes de bienfaisance offrant des programmes \u00e9ducatifs pour les jeunes dans les domaines de l\u2019environnement et des arts.<\/h2>\t\t\t\t<\/div>\n\t\t\t\t<\/div>\n\t\t\t\t<div class=\"elementor-element elementor-element-735270f elementor-hidden-mobile elementor-invisible elementor-widget elementor-widget-heading\" data-id=\"735270f\" data-element_type=\"widget\" data-settings=\"{&quot;_animation&quot;:&quot;fadeIn&quot;,&quot;_animation_delay&quot;:600}\" data-widget_type=\"heading.default\">\n\t\t\t\t<div class=\"elementor-widget-container\">\n\t\t\t\t\t<h2 class=\"elementor-heading-title elementor-size-default\">Appuyer des organismes de bienfaisance<\/br>offrant des programmes \u00e9ducatifs pour<\/br>les jeunes dans les domaines de<\/br>l\u2019environnement et des arts.<\/h2>\t\t\t\t<\/div>\n\t\t\t\t<\/div>\n\t\t\t\t<\/div>\n\t\t<div class=\"elementor-element elementor-element-ef28972 e-flex e-con-boxed e-con e-parent\" data-id=\"ef28972\" data-element_type=\"container\" id=\"about\">\n\t\t\t\t\t<div class=\"e-con-inner\">\n\t\t<div class=\"elementor-element elementor-element-2e7eff2 e-con-full e-flex e-con e-child\" data-id=\"2e7eff2\" data-element_type=\"container\" data-settings=\"{&quot;motion_fx_motion_fx_scrolling&quot;:&quot;yes&quot;,&quot;sticky&quot;:&quot;top&quot;,&quot;sticky_on&quot;:[&quot;desktop&quot;,&quot;tablet&quot;],&quot;sticky_offset&quot;:32,&quot;sticky_parent&quot;:&quot;yes&quot;,&quot;motion_fx_devices&quot;:[&quot;desktop&quot;,&quot;tablet&quot;,&quot;mobile&quot;],&quot;sticky_effects_offset&quot;:0,&quot;sticky_anchor_link_offset&quot;:0}\">\n\t\t<div class=\"elementor-element elementor-element-45f04ba e-con-full e-flex elementor-invisible e-con e-child\" data-id=\"45f04ba\" data-element_type=\"container\" data-settings=\"{&quot;background_background&quot;:&quot;classic&quot;,&quot;animation&quot;:&quot;fadeIn&quot;,&quot;animation_delay&quot;:200}\">\n\t\t\t\t<div class=\"elementor-element elementor-element-1ab2c7e elementor-widget elementor-widget-heading\" data-id=\"1ab2c7e\" data-element_type=\"widget\" data-widget_type=\"heading.default\">\n\t\t\t\t<div class=\"elementor-widget-container\">\n\t\t\t\t\t<h2 class=\"elementor-heading-title elementor-size-default\">\u00c0 propos de nous<\/h2>\t\t\t\t<\/div>\n\t\t\t\t<\/div>\n\t\t\t\t<\/div>\n\t\t\t\t<div class=\"elementor-element elementor-element-597159f elementor-invisible elementor-widget elementor-widget-heading\" data-id=\"597159f\" data-element_type=\"widget\" data-settings=\"{&quot;_animation&quot;:&quot;fadeIn&quot;,&quot;_animation_delay&quot;:400}\" data-widget_type=\"heading.default\">\n\t\t\t\t<div class=\"elementor-widget-container\">\n\t\t\t\t\t<h2 class=\"elementor-heading-title elementor-size-default\">Soutenir les organisations qui enrichissent la vie des jeunes dans leurs communaut\u00e9s.<\/h2>\t\t\t\t<\/div>\n\t\t\t\t<\/div>\n\t\t\t\t<div class=\"elementor-element elementor-element-08ca9e2 elementor-widget-divider--view-line elementor-invisible elementor-widget elementor-widget-divider\" data-id=\"08ca9e2\" data-element_type=\"widget\" data-settings=\"{&quot;_animation&quot;:&quot;fadeIn&quot;,&quot;_animation_delay&quot;:600}\" data-widget_type=\"divider.default\">\n\t\t\t\t<div class=\"elementor-widget-container\">\n\t\t\t\t\t\t\t<div class=\"elementor-divider\">\n\t\t\t<span class=\"elementor-divider-separator\">\n\t\t\t\t\t\t<\/span>\n\t\t<\/div>\n\t\t\t\t\t\t<\/div>\n\t\t\t\t<\/div>\n\t\t\t\t<\/div>\n\t\t<div class=\"elementor-element elementor-element-c109f4e e-con-full e-flex e-con e-child\" data-id=\"c109f4e\" data-element_type=\"container\">\n\t\t\t\t<div class=\"elementor-element elementor-element-b71fcdd elementor-invisible elementor-widget elementor-widget-text-editor\" data-id=\"b71fcdd\" data-element_type=\"widget\" data-settings=\"{&quot;_animation&quot;:&quot;fadeIn&quot;,&quot;_animation_delay&quot;:600}\" data-widget_type=\"text-editor.default\">\n\t\t\t\t<div class=\"elementor-widget-container\">\n\t\t\t\t\t\t\t\t\t<p><span style=\"font-weight: 400;\">En 2007, la famille Gainey a cr\u00e9\u00e9 la Fondation Gainey afin de transformer la perte en gu\u00e9rison et d\u2019aider les autres.\u00a0\u00a0<\/span><\/p><p><span style=\"font-weight: 400;\">Apr\u00e8s la perte soudaine de Laura, la troisi\u00e8me des quatre enfants de Bob Gainey, en d\u00e9cembre 2006, la famille a d\u00e9cid\u00e9 d\u2019honorer Laura et sa m\u00e8re, Cathy, d\u00e9c\u00e9d\u00e9e en 1995, en cr\u00e9ant une fondation destin\u00e9e \u00e0 financer des programmes environnementaux et artistiques pour les jeunes. L\u2019objectif initial de la fondation a \u00e9t\u00e9 atteint en levant 2 millions de dollars au cours de ses deux premi\u00e8res ann\u00e9es d\u2019existence, constituant ainsi un h\u00e9ritage durable et digne pour ces deux personnes extraordinaires.<\/span><\/p><p><span style=\"font-weight: 400;\">Cathy et Laura partageaient la m\u00eame passion pour les enfants et le m\u00eame don pour communiquer avec eux. Ce sont toutefois les champs d\u2019int\u00e9r\u00eat de Laura qui ont d\u00e9termin\u00e9 les domaines d\u2019intervention de la Fondation Gainey.<\/span><\/p><p><span style=\"font-weight: 400;\">Laura a \u00e9prouv\u00e9 une joie immense en explorant son c\u00f4t\u00e9 artistique. Elle donnait des cours d\u2019art aux enfants, et se r\u00e9galait des merveilles de la nature, des bois de Peterborough, en Ontario, aux rivi\u00e8res de la Colombie-Britannique, en passant par les jungles du Costa Rica. Elle croyait profond\u00e9ment \u00e0 la conservation de l\u2019environnement et \u00e0 sa durabilit\u00e9.<\/span><\/p><p><span style=\"font-weight: 400;\">La Fondation Gainey est fi\u00e8re de continuer \u00e0 attribuer des subventions \u00e0 des donataires qualifi\u00e9s qui d\u00e9fendent les arts et l\u2019\u00e9ducation environnementale pour les enfants, prolongeant ainsi l\u2019h\u00e9ritage des esprits vibrants de Laura et Cathy.<\/span><\/p>\t\t\t\t\t\t\t\t<\/div>\n\t\t\t\t<\/div>\n\t\t\t\t<\/div>\n\t\t\t\t\t<\/div>\n\t\t\t\t<\/div>\n\t\t<div class=\"elementor-element elementor-element-d45492c e-flex e-con-boxed e-con e-parent\" data-id=\"d45492c\" data-element_type=\"container\">\n\t\t\t\t\t<div class=\"e-con-inner\">\n\t\t\t\t<div class=\"elementor-element elementor-element-20e744b elementor-invisible elementor-widget elementor-widget-image\" data-id=\"20e744b\" data-element_type=\"widget\" data-settings=\"{&quot;_animation&quot;:&quot;fadeIn&quot;,&quot;_animation_delay&quot;:200}\" data-widget_type=\"image.default\">\n\t\t\t\t<div class=\"elementor-widget-container\">\n\t\t\t\t\t\t\t\t\t\t\t\t\t\t\t<img fetchpriority=\"high\" decoding=\"async\" width=\"1312\" height=\"764\" src=\"https:\/\/gaineyfoundation.com\/wp-content\/uploads\/big_img_gf_1.jpg\" class=\"attachment-full size-full wp-image-49089\" alt=\"\" srcset=\"https:\/\/gaineyfoundation.com\/wp-content\/uploads\/big_img_gf_1.jpg 1312w, https:\/\/gaineyfoundation.com\/wp-content\/uploads\/big_img_gf_1-300x175.jpg 300w, https:\/\/gaineyfoundation.com\/wp-content\/uploads\/big_img_gf_1-1024x596.jpg 1024w, https:\/\/gaineyfoundation.com\/wp-content\/uploads\/big_img_gf_1-768x447.jpg 768w\" sizes=\"(max-width: 1312px) 100vw, 1312px\" \/>\t\t\t\t\t\t\t\t\t\t\t\t\t\t\t<\/div>\n\t\t\t\t<\/div>\n\t\t\t\t\t<\/div>\n\t\t\t\t<\/div>\n\t\t<div class=\"elementor-element elementor-element-cecc105 e-flex e-con-boxed e-con e-parent\" data-id=\"cecc105\" data-element_type=\"container\" id=\"focus\">\n\t\t\t\t\t<div class=\"e-con-inner\">\n\t\t<div class=\"elementor-element elementor-element-ad21562 e-con-full e-flex e-con e-child\" data-id=\"ad21562\" data-element_type=\"container\">\n\t\t<div class=\"elementor-element elementor-element-b35675a e-con-full e-flex elementor-invisible e-con e-child\" data-id=\"b35675a\" data-element_type=\"container\" data-settings=\"{&quot;background_background&quot;:&quot;classic&quot;,&quot;animation&quot;:&quot;fadeIn&quot;,&quot;animation_delay&quot;:200}\">\n\t\t\t\t<div class=\"elementor-element elementor-element-d0f2ff9 elementor-widget elementor-widget-heading\" data-id=\"d0f2ff9\" data-element_type=\"widget\" data-widget_type=\"heading.default\">\n\t\t\t\t<div class=\"elementor-widget-container\">\n\t\t\t\t\t<h2 class=\"elementor-heading-title elementor-size-default\">Domaines d'intervention<\/h2>\t\t\t\t<\/div>\n\t\t\t\t<\/div>\n\t\t\t\t<\/div>\n\t\t\t\t<div class=\"elementor-element elementor-element-b40803a elementor-widget-tablet__width-initial elementor-widget__width-initial elementor-invisible elementor-widget elementor-widget-heading\" data-id=\"b40803a\" data-element_type=\"widget\" data-settings=\"{&quot;_animation&quot;:&quot;fadeIn&quot;,&quot;_animation_delay&quot;:400}\" data-widget_type=\"heading.default\">\n\t\t\t\t<div class=\"elementor-widget-container\">\n\t\t\t\t\t<h2 class=\"elementor-heading-title elementor-size-default\">La Fondation Gainey soutient des organisations charitables qui se concentrent sur l\u2019am\u00e9lioration de la vie de nos jeunes.<\/h2>\t\t\t\t<\/div>\n\t\t\t\t<\/div>\n\t\t\t\t<div class=\"elementor-element elementor-element-90443de elementor-widget-divider--view-line elementor-invisible elementor-widget elementor-widget-divider\" data-id=\"90443de\" data-element_type=\"widget\" data-settings=\"{&quot;_animation&quot;:&quot;fadeIn&quot;,&quot;_animation_delay&quot;:600}\" data-widget_type=\"divider.default\">\n\t\t\t\t<div class=\"elementor-widget-container\">\n\t\t\t\t\t\t\t<div class=\"elementor-divider\">\n\t\t\t<span class=\"elementor-divider-separator\">\n\t\t\t\t\t\t<\/span>\n\t\t<\/div>\n\t\t\t\t\t\t<\/div>\n\t\t\t\t<\/div>\n\t\t\t\t<\/div>\n\t\t<div class=\"elementor-element elementor-element-a3bab10 e-con-full e-flex e-con e-child\" data-id=\"a3bab10\" data-element_type=\"container\">\n\t\t<div class=\"elementor-element elementor-element-3a32dc2 e-con-full e-flex elementor-invisible e-con e-child\" data-id=\"3a32dc2\" data-element_type=\"container\" data-settings=\"{&quot;background_background&quot;:&quot;classic&quot;,&quot;animation&quot;:&quot;fadeIn&quot;,&quot;animation_delay&quot;:800}\">\n\t\t\t\t<div class=\"elementor-element elementor-element-13e94fa elementor-widget elementor-widget-image\" data-id=\"13e94fa\" data-element_type=\"widget\" data-widget_type=\"image.default\">\n\t\t\t\t<div class=\"elementor-widget-container\">\n\t\t\t\t\t\t\t\t\t\t\t\t\t\t\t<img decoding=\"async\" width=\"512\" height=\"512\" src=\"https:\/\/gaineyfoundation.com\/wp-content\/uploads\/art.png\" class=\"attachment-full size-full wp-image-49077\" alt=\"\" srcset=\"https:\/\/gaineyfoundation.com\/wp-content\/uploads\/art.png 512w, https:\/\/gaineyfoundation.com\/wp-content\/uploads\/art-300x300.png 300w, https:\/\/gaineyfoundation.com\/wp-content\/uploads\/art-150x150.png 150w\" sizes=\"(max-width: 512px) 100vw, 512px\" \/>\t\t\t\t\t\t\t\t\t\t\t\t\t\t\t<\/div>\n\t\t\t\t<\/div>\n\t\t\t\t<div class=\"elementor-element elementor-element-db39e29 elementor-widget elementor-widget-heading\" data-id=\"db39e29\" data-element_type=\"widget\" data-widget_type=\"heading.default\">\n\t\t\t\t<div class=\"elementor-widget-container\">\n\t\t\t\t\t<h2 class=\"elementor-heading-title elementor-size-default\">L'art<\/h2>\t\t\t\t<\/div>\n\t\t\t\t<\/div>\n\t\t\t\t<div class=\"elementor-element elementor-element-58864c3 elementor-widget elementor-widget-text-editor\" data-id=\"58864c3\" data-element_type=\"widget\" data-widget_type=\"text-editor.default\">\n\t\t\t\t<div class=\"elementor-widget-container\">\n\t\t\t\t\t\t\t\t\tNous esp\u00e9rons inspirer les \u00e2mes curieuses \u00e0 s\u2019exprimer de mani\u00e8re cr\u00e9ative et \u00e0 explorer les grandes questions de la vie.\t\t\t\t\t\t\t\t<\/div>\n\t\t\t\t<\/div>\n\t\t\t\t<\/div>\n\t\t<div class=\"elementor-element elementor-element-9fc29d3 e-con-full e-flex elementor-invisible e-con e-child\" data-id=\"9fc29d3\" data-element_type=\"container\" data-settings=\"{&quot;background_background&quot;:&quot;classic&quot;,&quot;animation&quot;:&quot;fadeIn&quot;,&quot;animation_delay&quot;:1000}\">\n\t\t\t\t<div class=\"elementor-element elementor-element-3bc1fa2 elementor-widget elementor-widget-image\" data-id=\"3bc1fa2\" data-element_type=\"widget\" data-widget_type=\"image.default\">\n\t\t\t\t<div class=\"elementor-widget-container\">\n\t\t\t\t\t\t\t\t\t\t\t\t\t\t\t<img decoding=\"async\" width=\"512\" height=\"512\" src=\"https:\/\/gaineyfoundation.com\/wp-content\/uploads\/education.png\" class=\"attachment-full size-full wp-image-49079\" alt=\"\" srcset=\"https:\/\/gaineyfoundation.com\/wp-content\/uploads\/education.png 512w, https:\/\/gaineyfoundation.com\/wp-content\/uploads\/education-300x300.png 300w, https:\/\/gaineyfoundation.com\/wp-content\/uploads\/education-150x150.png 150w\" sizes=\"(max-width: 512px) 100vw, 512px\" \/>\t\t\t\t\t\t\t\t\t\t\t\t\t\t\t<\/div>\n\t\t\t\t<\/div>\n\t\t\t\t<div class=\"elementor-element elementor-element-ca3fbad elementor-widget elementor-widget-heading\" data-id=\"ca3fbad\" data-element_type=\"widget\" data-widget_type=\"heading.default\">\n\t\t\t\t<div class=\"elementor-widget-container\">\n\t\t\t\t\t<h2 class=\"elementor-heading-title elementor-size-default\">L'\u00e9ducation<\/h2>\t\t\t\t<\/div>\n\t\t\t\t<\/div>\n\t\t\t\t<div class=\"elementor-element elementor-element-1a8dadd elementor-widget elementor-widget-text-editor\" data-id=\"1a8dadd\" data-element_type=\"widget\" data-widget_type=\"text-editor.default\">\n\t\t\t\t<div class=\"elementor-widget-container\">\n\t\t\t\t\t\t\t\t\tD\u00e8s les premi\u00e8res ann\u00e9es de la vie, nous soutenons l\u2019inculcation d\u2019une passion pour apprendre en perp\u00e9tuit\u00e9.\t\t\t\t\t\t\t\t<\/div>\n\t\t\t\t<\/div>\n\t\t\t\t<\/div>\n\t\t<div class=\"elementor-element elementor-element-1b99262 e-con-full e-flex elementor-invisible e-con e-child\" data-id=\"1b99262\" data-element_type=\"container\" data-settings=\"{&quot;background_background&quot;:&quot;classic&quot;,&quot;animation&quot;:&quot;fadeIn&quot;,&quot;animation_delay&quot;:1200}\">\n\t\t\t\t<div class=\"elementor-element elementor-element-7bb968e elementor-widget elementor-widget-image\" data-id=\"7bb968e\" data-element_type=\"widget\" data-widget_type=\"image.default\">\n\t\t\t\t<div class=\"elementor-widget-container\">\n\t\t\t\t\t\t\t\t\t\t\t\t\t\t\t<img loading=\"lazy\" decoding=\"async\" width=\"512\" height=\"512\" src=\"https:\/\/gaineyfoundation.com\/wp-content\/uploads\/trees.png\" class=\"attachment-full size-full wp-image-49081\" alt=\"\" srcset=\"https:\/\/gaineyfoundation.com\/wp-content\/uploads\/trees.png 512w, https:\/\/gaineyfoundation.com\/wp-content\/uploads\/trees-300x300.png 300w, https:\/\/gaineyfoundation.com\/wp-content\/uploads\/trees-150x150.png 150w\" sizes=\"(max-width: 512px) 100vw, 512px\" \/>\t\t\t\t\t\t\t\t\t\t\t\t\t\t\t<\/div>\n\t\t\t\t<\/div>\n\t\t\t\t<div class=\"elementor-element elementor-element-c063e54 elementor-widget elementor-widget-heading\" data-id=\"c063e54\" data-element_type=\"widget\" data-widget_type=\"heading.default\">\n\t\t\t\t<div class=\"elementor-widget-container\">\n\t\t\t\t\t<h2 class=\"elementor-heading-title elementor-size-default\">L\u2019environnement<\/h2>\t\t\t\t<\/div>\n\t\t\t\t<\/div>\n\t\t\t\t<div class=\"elementor-element elementor-element-e54766b elementor-widget elementor-widget-text-editor\" data-id=\"e54766b\" data-element_type=\"widget\" data-widget_type=\"text-editor.default\">\n\t\t\t\t<div class=\"elementor-widget-container\">\n\t\t\t\t\t\t\t\t\tNous nous engageons \u00e0 mettre en place des initiatives qui permettent aux jeunes d\u2019acc\u00e9der \u00e0 des modes de vie plus durables.\t\t\t\t\t\t\t\t<\/div>\n\t\t\t\t<\/div>\n\t\t\t\t<\/div>\n\t\t<div class=\"elementor-element elementor-element-b7b0cd8 e-con-full e-flex elementor-invisible e-con e-child\" data-id=\"b7b0cd8\" data-element_type=\"container\" data-settings=\"{&quot;background_background&quot;:&quot;classic&quot;,&quot;animation&quot;:&quot;fadeIn&quot;,&quot;animation_delay&quot;:1400}\">\n\t\t\t\t<div class=\"elementor-element elementor-element-26deae0 elementor-widget elementor-widget-image\" data-id=\"26deae0\" data-element_type=\"widget\" data-widget_type=\"image.default\">\n\t\t\t\t<div class=\"elementor-widget-container\">\n\t\t\t\t\t\t\t\t\t\t\t\t\t\t\t<img loading=\"lazy\" decoding=\"async\" width=\"512\" height=\"512\" src=\"https:\/\/gaineyfoundation.com\/wp-content\/uploads\/youth.png\" class=\"attachment-full size-full wp-image-49083\" alt=\"\" srcset=\"https:\/\/gaineyfoundation.com\/wp-content\/uploads\/youth.png 512w, https:\/\/gaineyfoundation.com\/wp-content\/uploads\/youth-300x300.png 300w, https:\/\/gaineyfoundation.com\/wp-content\/uploads\/youth-150x150.png 150w\" sizes=\"(max-width: 512px) 100vw, 512px\" \/>\t\t\t\t\t\t\t\t\t\t\t\t\t\t\t<\/div>\n\t\t\t\t<\/div>\n\t\t\t\t<div class=\"elementor-element elementor-element-3e06915 elementor-widget elementor-widget-heading\" data-id=\"3e06915\" data-element_type=\"widget\" data-widget_type=\"heading.default\">\n\t\t\t\t<div class=\"elementor-widget-container\">\n\t\t\t\t\t<h2 class=\"elementor-heading-title elementor-size-default\">La jeunesse<\/h2>\t\t\t\t<\/div>\n\t\t\t\t<\/div>\n\t\t\t\t<div class=\"elementor-element elementor-element-df96618 elementor-widget elementor-widget-text-editor\" data-id=\"df96618\" data-element_type=\"widget\" data-widget_type=\"text-editor.default\">\n\t\t\t\t<div class=\"elementor-widget-container\">\n\t\t\t\t\t\t\t\t\tNous nous engageons \u00e0 soutenir la croissance des enfants pour qu\u2019ils deviennent des adultes \u00e9panouis et en bonne sant\u00e9.\t\t\t\t\t\t\t\t<\/div>\n\t\t\t\t<\/div>\n\t\t\t\t<\/div>\n\t\t\t\t<\/div>\n\t\t\t\t\t<\/div>\n\t\t\t\t<\/div>\n\t\t<div class=\"elementor-element elementor-element-4b8b94f e-flex e-con-boxed e-con e-parent\" data-id=\"4b8b94f\" data-element_type=\"container\" id=\"granting\" data-settings=\"{&quot;background_background&quot;:&quot;classic&quot;}\">\n\t\t\t\t\t<div class=\"e-con-inner\">\n\t\t<div class=\"elementor-element elementor-element-ab977b4 e-con-full e-flex e-con e-child\" data-id=\"ab977b4\" data-element_type=\"container\">\n\t\t<div class=\"elementor-element elementor-element-5d44937 e-con-full e-flex elementor-invisible e-con e-child\" data-id=\"5d44937\" data-element_type=\"container\" data-settings=\"{&quot;background_background&quot;:&quot;classic&quot;,&quot;animation&quot;:&quot;fadeIn&quot;,&quot;animation_delay&quot;:200}\">\n\t\t\t\t<div class=\"elementor-element elementor-element-651caf2 elementor-widget elementor-widget-heading\" data-id=\"651caf2\" data-element_type=\"widget\" data-widget_type=\"heading.default\">\n\t\t\t\t<div class=\"elementor-widget-container\">\n\t\t\t\t\t<h2 class=\"elementor-heading-title elementor-size-default\">Notre processus d'octroi de subventions<\/h2>\t\t\t\t<\/div>\n\t\t\t\t<\/div>\n\t\t\t\t<\/div>\n\t\t\t\t<div class=\"elementor-element elementor-element-5ad6f19 elementor-hidden-desktop elementor-hidden-tablet elementor-invisible elementor-widget elementor-widget-image\" data-id=\"5ad6f19\" data-element_type=\"widget\" data-settings=\"{&quot;_animation&quot;:&quot;fadeIn&quot;,&quot;_animation_delay&quot;:800}\" data-widget_type=\"image.default\">\n\t\t\t\t<div class=\"elementor-widget-container\">\n\t\t\t\t\t\t\t\t\t\t\t\t\t\t\t<img loading=\"lazy\" decoding=\"async\" width=\"512\" height=\"512\" src=\"https:\/\/gaineyfoundation.com\/wp-content\/uploads\/donation.png\" class=\"attachment-full size-full wp-image-49097\" alt=\"\" srcset=\"https:\/\/gaineyfoundation.com\/wp-content\/uploads\/donation.png 512w, https:\/\/gaineyfoundation.com\/wp-content\/uploads\/donation-300x300.png 300w, https:\/\/gaineyfoundation.com\/wp-content\/uploads\/donation-150x150.png 150w\" sizes=\"(max-width: 512px) 100vw, 512px\" \/>\t\t\t\t\t\t\t\t\t\t\t\t\t\t\t<\/div>\n\t\t\t\t<\/div>\n\t\t\t\t<div class=\"elementor-element elementor-element-b0ae1f1 elementor-invisible elementor-widget elementor-widget-heading\" data-id=\"b0ae1f1\" data-element_type=\"widget\" data-settings=\"{&quot;_animation&quot;:&quot;fadeIn&quot;,&quot;_animation_delay&quot;:400}\" data-widget_type=\"heading.default\">\n\t\t\t\t<div class=\"elementor-widget-container\">\n\t\t\t\t\t<h2 class=\"elementor-heading-title elementor-size-default\">Nous contactons directement les organisations dont le travail d\u2019impact correspond \u00e0 nos domaines d\u2019intervention. C\u2019est pourquoi nous ne sollicitons pas de propositions de subventions pour le moment.<\/h2>\t\t\t\t<\/div>\n\t\t\t\t<\/div>\n\t\t\t\t<div class=\"elementor-element elementor-element-a87a2af elementor-widget-divider--view-line elementor-invisible elementor-widget elementor-widget-divider\" data-id=\"a87a2af\" data-element_type=\"widget\" data-settings=\"{&quot;_animation&quot;:&quot;fadeIn&quot;,&quot;_animation_delay&quot;:600}\" data-widget_type=\"divider.default\">\n\t\t\t\t<div class=\"elementor-widget-container\">\n\t\t\t\t\t\t\t<div class=\"elementor-divider\">\n\t\t\t<span class=\"elementor-divider-separator\">\n\t\t\t\t\t\t<\/span>\n\t\t<\/div>\n\t\t\t\t\t\t<\/div>\n\t\t\t\t<\/div>\n\t\t\t\t<\/div>\n\t\t<div class=\"elementor-element elementor-element-cf948be e-con-full elementor-hidden-mobile e-flex e-con e-child\" data-id=\"cf948be\" data-element_type=\"container\">\n\t\t\t\t<div class=\"elementor-element elementor-element-7d68391 elementor-invisible elementor-widget elementor-widget-image\" data-id=\"7d68391\" data-element_type=\"widget\" data-settings=\"{&quot;_animation&quot;:&quot;fadeIn&quot;,&quot;_animation_delay&quot;:800}\" data-widget_type=\"image.default\">\n\t\t\t\t<div class=\"elementor-widget-container\">\n\t\t\t\t\t\t\t\t\t\t\t\t\t\t\t<img loading=\"lazy\" decoding=\"async\" width=\"512\" height=\"512\" src=\"https:\/\/gaineyfoundation.com\/wp-content\/uploads\/donation.png\" class=\"attachment-full size-full wp-image-49097\" alt=\"\" srcset=\"https:\/\/gaineyfoundation.com\/wp-content\/uploads\/donation.png 512w, https:\/\/gaineyfoundation.com\/wp-content\/uploads\/donation-300x300.png 300w, https:\/\/gaineyfoundation.com\/wp-content\/uploads\/donation-150x150.png 150w\" sizes=\"(max-width: 512px) 100vw, 512px\" \/>\t\t\t\t\t\t\t\t\t\t\t\t\t\t\t<\/div>\n\t\t\t\t<\/div>\n\t\t\t\t<\/div>\n\t\t\t\t\t<\/div>\n\t\t\t\t<\/div>\n\t\t\t\t<\/div>\n\t\t","protected":false},"excerpt":{"rendered":"<p>Appuyer des organismes de bienfaisance offrant des programmes \u00e9ducatifs pour les jeunes dans les domaines de l\u2019environnement et des arts. Appuyer des organismes de bienfaisanceoffrant des programmes \u00e9ducatifs pourles jeunes dans les domaines del\u2019environnement et des arts. \u00c0 propos de nous Soutenir les organisations qui enrichissent la vie des jeunes dans leurs communaut\u00e9s. En 2007, [&hellip;]<\/p>\n","protected":false},"author":5,"featured_media":0,"parent":0,"menu_order":0,"comment_status":"closed","ping_status":"closed","template":"","meta":{"footnotes":""},"class_list":["post-49164","page","type-page","status-publish","hentry"],"_links":{"self":[{"href":"https:\/\/gaineyfoundation.com\/fr\/wp-json\/wp\/v2\/pages\/49164","targetHints":{"allow":["GET"]}}],"collection":[{"href":"https:\/\/gaineyfoundation.com\/fr\/wp-json\/wp\/v2\/pages"}],"about":[{"href":"https:\/\/gaineyfoundation.com\/fr\/wp-json\/wp\/v2\/types\/page"}],"author":[{"embeddable":true,"href":"https:\/\/gaineyfoundation.com\/fr\/wp-json\/wp\/v2\/users\/5"}],"replies":[{"embeddable":true,"href":"https:\/\/gaineyfoundation.com\/fr\/wp-json\/wp\/v2\/comments?post=49164"}],"version-history":[{"count":16,"href":"https:\/\/gaineyfoundation.com\/fr\/wp-json\/wp\/v2\/pages\/49164\/revisions"}],"predecessor-version":[{"id":49216,"href":"https:\/\/gaineyfoundation.com\/fr\/wp-json\/wp\/v2\/pages\/49164\/revisions\/49216"}],"wp:attachment":[{"href":"https:\/\/gaineyfoundation.com\/fr\/wp-json\/wp\/v2\/media?parent=49164"}],"curies":[{"name":"wp","href":"https:\/\/api.w.org\/{rel}","templated":true}]}}